{"id":906,"date":"2022-08-12T11:38:29","date_gmt":"2022-08-12T09:38:29","guid":{"rendered":"https:\/\/neu.africafestival.org\/?page_id=906"},"modified":"2025-03-13T12:11:05","modified_gmt":"2025-03-13T11:11:05","slug":"programme-booklet","status":"publish","type":"page","link":"https:\/\/www.africafestival.org\/en\/practical-information\/programme-booklet\/","title":{"rendered":"Programme booklet"},"content":{"rendered":"\n<p>The <strong>new programme booklet<\/strong> for the 36th International Africa Festival has now been printed! In the <strong>80-page booklet<\/strong>, all participating <strong>bands and artists are presented<\/strong> in words and pictures. There is also detailed information on the entire framework programme.<\/p>\n\n\n\n<p>The programme booklet <strong>can be ordered from the festival office<\/strong> (Afro Project e.V., Eisenmannstr. 5, 97074 W\u00fcrzburg) by sending in a 1.80 Euro stamp.<\/p>\n\n\n\n<p>Our <strong>programme booklet<\/strong> is also available in the town hall, the city library and the tourist information office (Falkenhaus) of the city of W\u00fcrzburg, in the bookshop Hugendubel, in the city canteen of the Studierendenwerk W\u00fcrzburg, in the WVV customer centre in Domstra\u00dfe and in the record shop H2O. You can also buy original Bob Marley records there.<\/p>\n\n\n\n<p>The programme booklet is also available for <strong><a href=\"https:\/\/www.africafestival.org\/wp-content\/uploads\/2025\/03\/1_Programm36AF-01-25neu.pdf\" data-type=\"link\" data-id=\"https:\/\/www.africafestival.org\/wp-content\/uploads\/2025\/03\/1_Programm36AF-01-25neu.pdf\">download<\/a><\/strong>.<\/p>\n\n\n\n<p>We hope you <strong>enjoy <\/strong>browsing through the programme and look forward to the 36th Africa Festival!<\/p>\n","protected":false},"excerpt":{"rendered":"<p>The new programme booklet for the 36th International Africa Festival has now been printed! In the 80-page booklet, all participating bands and artists are presented in words and pictures. There is also detailed information on the entire framework programme. The programme booklet can be ordered from the festival office (Afro Project e.V., Eisenmannstr. 5, 97074 [&hellip;]<\/p>\n","protected":false},"author":2,"featured_media":40164,"parent":900,"menu_order":0,"comment_status":"closed","ping_status":"closed","template":"","meta":{"_acf_changed":false,"footnotes":""},"class_list":["post-906","page","type-page","status-publish","has-post-thumbnail","hentry"],"acf":[],"_links":{"self":[{"href":"https:\/\/www.africafestival.org\/en\/wp-json\/wp\/v2\/pages\/906","targetHints":{"allow":["GET"]}}],"collection":[{"href":"https:\/\/www.africafestival.org\/en\/wp-json\/wp\/v2\/pages"}],"about":[{"href":"https:\/\/www.africafestival.org\/en\/wp-json\/wp\/v2\/types\/page"}],"author":[{"embeddable":true,"href":"https:\/\/www.africafestival.org\/en\/wp-json\/wp\/v2\/users\/2"}],"replies":[{"embeddable":true,"href":"https:\/\/www.africafestival.org\/en\/wp-json\/wp\/v2\/comments?post=906"}],"version-history":[{"count":10,"href":"https:\/\/www.africafestival.org\/en\/wp-json\/wp\/v2\/pages\/906\/revisions"}],"predecessor-version":[{"id":35567,"href":"https:\/\/www.africafestival.org\/en\/wp-json\/wp\/v2\/pages\/906\/revisions\/35567"}],"up":[{"embeddable":true,"href":"https:\/\/www.africafestival.org\/en\/wp-json\/wp\/v2\/pages\/900"}],"wp:featuredmedia":[{"embeddable":true,"href":"https:\/\/www.africafestival.org\/en\/wp-json\/wp\/v2\/media\/40164"}],"wp:attachment":[{"href":"https:\/\/www.africafestival.org\/en\/wp-json\/wp\/v2\/media?parent=906"}],"curies":[{"name":"wp","href":"https:\/\/api.w.org\/{rel}","templated":true}]}}